{"id":358,"date":"2021-01-24T21:06:07","date_gmt":"2021-01-24T21:06:07","guid":{"rendered":"http:\/\/www.art-beton.ro\/?page_id=358"},"modified":"2025-02-25T20:45:24","modified_gmt":"2025-02-25T18:45:24","slug":"gdpr-politica-de-confidentialitate","status":"publish","type":"page","link":"http:\/\/www.art-beton.ro\/index.php\/gdpr-politica-de-confidentialitate\/","title":{"rendered":"GDPR &#8211; Politica de confiden\u021bialitate"},"content":{"rendered":"<h3 style=\"text-align: center;\"><strong>POLITICA DE CONFIDEN\u021aIALITATE<\/strong><\/h3>\n<p style=\"text-align: left;\"><strong>Ne oblig\u0103m s\u0103 prelucr\u0103m datele dumneavoastr\u0103 cu caracter personal \u00eentr-un mod responsabil, transparent, \u00een condi\u021bii de siguran\u021b\u0103, \u00een scopuri legitime, ce urmeaz\u0103 a fi men\u021bionate \u00een con\u021binutul acestei inform\u0103ri \u0219i s\u0103 respect\u0103m legisla\u021bia privind prote\u021bia datelor cu caracter personal \u00een vigoare.<\/strong><\/p>\n<p>Con\u021binutul politicii de confiden\u021bialitate a fost realizat \u00een concordan\u021b\u0103 cu legisla\u021bia \u00een vigoare, are rol informativ \u0219i nu afecteaz\u0103 drepturile pe care vi le ofer\u0103 aceasta. Prin prezentul document ne dorim s\u0103 v\u0103 oferim o imagine clar\u0103 asupra felului \u00een care prelucr\u0103m datele dumneavoastr\u0103 cu caracter personal \u0219i asupra drepturilor dumneavoastr\u0103.<br \/>\nPentru o parcurgere mai u\u0219oar\u0103 a politicii noastre de confiden\u021bialitate, g\u0103si\u021bi mai jos termenii cei mai relevan\u021bi, defini\u021bii conform Regulamentului UE 679\/2016:<br \/>\n\u201eDate cu caracter personal\u201d \u00eenseamn\u0103 orice informa\u021bie privind o persoan\u0103 fizic\u0103 identificat\u0103 sau identificabil\u0103 (\u201epersoan\u0103 vizat\u0103\u201d);<\/p>\n<p>O persoana fizic\u0103 identificabil\u0103 este o persoan\u0103 care poate fi identificat\u0103, direct sau indirect, \u00een special prin referire la un element de identificare, cum ar fi un nume, un num\u0103r de identificare, date de localizare, un identificator online, sau la unul sau mai multe elemente specifice, proprii identit\u0103\u021bii sale fizice, fiziologice, genetice, psihice, economice, culturale sau sociale;<br \/>\n\u201eCategorii speciale de date cu caracter personal\u201d (date sensibile) sunt acele date care dezv\u0103luie originea rasial\u0103 sau etnic\u0103, opiniile politice, confesiunea religioas\u0103 sau convingerile filozofice sau apartenen\u021ba la sindicate \u0219i prelucrarea de date genetice, de date barometrice pentru identificarea unic\u0103 a unei persoane fizice, de date privind sanatatea sau de date privind via\u021ba sexual\u0103 sau orientarea sexual\u0103 ale unei persoane fizice;<br \/>\n\u201ePrelucrare\u201d inseamn\u0103 orice opera\u021biune sau set de opera\u021biuni efectuate asupra datelor cu caracter personal sau asupra seturilor de date cu caracter personal, cu sau f\u0103r\u0103 utilizarea de mijloace automatizate, cum ar fi colectarea, \u00eenregistrarea, organizarea, structurarea, stocarea, adaptarea sau modificarea, extragerea, consultarea, utilizarea, divulgarea prin transmitere, diseminarea sau punerea la dispozi\u021bie \u00een orice alt mod, alinierea sau combinarea, restric\u021bionarea, \u0219tergerea sau distrugerea;<\/p>\n<p>\u201eConsim\u021b\u0103m\u00e2nt\u201d al persoanei vizate \u00eenseamn\u0103 orice manifestare de voin\u021b\u0103 liber\u0103, specific\u0103, informat\u0103 \u0219i lipsit\u0103 de ambiguitate a persoanei vizate prin care aceasta accept\u0103, printr-o declara\u021bie sau printr-o ac\u021biune f\u0103r\u0103 echivoc, c\u0103 datele cu caracter personal care o privesc s\u0103 fie prelucrate;<br \/>\n\u201eAutoritatea de supraveghere a prelucr\u0103rii datelor cu caracter personal\u201d este o autoritate public\u0103 independent\u0103 care, potrivit legii, are atribu\u021bii referitoare la supravegherea respect\u0103rii legisla\u021biei protec\u021biei datelor cu caracter personal. \u00cen Romania, aceast\u0103 autoritate de supraveghere a prelucr\u0103rii datelor cu caracter personal este Autoritatea Na\u021bional\u0103 de Supraveghere a Prelucr\u0103rii Datelor cu Caracter Personal (ANSPDCP).<\/p>\n<p><strong>Datele personale care prelucr\u0103m noi prin intermediul site-ului\u00a0<a href=\"https:\/\/www.art-beton.ro\">www.art-beton.ro<\/a>, sunt cele ob\u021binute prin formularul de contact, \u0219i anume: nume, num\u0103r telefon, adres\u0103 e-mail, \u0219i nu \u00een ultimul r\u00e2nd con\u021binutul mesajului transmis c\u0103tre noi.<\/strong><\/p>\n<p>Mesajele primite de la Dvs. vor fi stocate aproximativ 1-2 ani, dup\u0103 care vor vi \u0219terse.<\/p>\n<p><strong>Securitatea datelor cu caracter personal:\u00a0<\/strong>Prelucrarea datelor dumneavoastr\u0103 personale \u00eentr-o manier\u0103 responsabil\u0103 \u0219i sigur\u0103 este prioritar\u0103 pentru noi. Din acest motiv, am implementat m\u0103suri tehnice \u0219i organizatorice de asigurare a securit\u0103\u021bii datelor cu caracter personal, printre care se num\u0103r\u0103: limitarea accesului la datele dumneavoastr\u0103 pentru colaboratorii \u0219i personalul nostru, implementarea de politici \u0219i m\u0103suri tehnice dedicate, back-up-uri \u0219i audituri de securitate periodice, criptarea \u0219i anonimizarea acestora.<br \/>\nDe\u0219i lu\u0103m toate m\u0103surile rezonabile pentru a asigura securitatea datelor dumneavoastr\u0103, nu putem garanta lipsa oric\u0103rei \u00eenc\u0103lc\u0103ri de securitate sau imposibilitatea de penetrare a sistemelor de securitate. \u00cen cazul nefericit \u0219i pu\u021bin probabil \u00een care o astfel de \u00eenc\u0103lcare va surveni, vom urma procedurile legale pentru limitarea efectelor \u0219i informarea persoanelor vizate \u00een maxim 48 de ore de la momentul incidentului, \u00een cazul \u00een care o eventual\u0103 \u00eenc\u0103lcare poate aduce vreun prejudiciu acestora.<\/p>\n<p><strong>Dispozi\u021bii finale:\u00a0<\/strong>Prin manifestarea voin\u021bei libere, informat\u0103 \u0219i lipsit\u0103 de ambiguitate, printr-o declara\u021bie sau printr-o ac\u021biune f\u0103r\u0103 echivoc de furnizarea a datelor dumneavoastr\u0103 personale ne acorda\u021bi consim\u021b\u0103m\u00e2ntul de a prelucra datele dumneavoastr\u0103 personale conform modului descris anterior. \u00cen ceea ce prive\u0219te prelucrarea datelor cu caracter personal ale copiilor, ace\u0219tia trebuie s\u0103 aib\u0103 cel pu\u021bin 16 ani pentru a-\u0219i acorda consim\u021b\u0103m\u00e2ntul, \u00een cazul copiilor mai mici de 16 ani fiind nevoie de consim\u021b\u0103m\u00e2ntul titularului r\u0103spunderii p\u0103rinte\u0219ti asupra acestuia.<br \/>\n<strong>Nu ave\u021bi nicio obliga\u021bie de a ne furniza datele dumneavoastr\u0103 cu caracter personal pe care le-am men\u021bionat \u00een acest document. Cu toate acestea, dac\u0103 nu ne oferi\u021bi datele men\u021bionate, sau ne oferi\u021bi date eronate, atunci o s\u0103 fie imposibil s\u0103 v\u0103 r\u0103spundem la mesaje.<\/strong><\/p>\n","protected":false},"excerpt":{"rendered":"<p>POLITICA DE CONFIDEN\u021aIALITATE Ne oblig\u0103m s\u0103 prelucr\u0103m datele dumneavoastr\u0103 cu caracter personal \u00eentr-un mod responsabil, transparent, \u00een condi\u021bii de siguran\u021b\u0103, \u00een scopuri legitime, ce urmeaz\u0103 a fi men\u021bionate \u00een con\u021binutul acestei inform\u0103ri \u0219i s\u0103 respect\u0103m legisla\u021bia privind prote\u021bia datelor cu caracter personal \u00een vigoare. Con\u021binutul politicii de confiden\u021bialitate a fost realizat \u00een concordan\u021b\u0103 cu legisla\u021bia [&hellip;]<\/p>\n","protected":false},"author":1,"featured_media":0,"parent":0,"menu_order":0,"comment_status":"closed","ping_status":"closed","template":"","meta":{"footnotes":""},"class_list":["post-358","page","type-page","status-publish","hentry","post"],"_links":{"self":[{"href":"http:\/\/www.art-beton.ro\/index.php\/wp-json\/wp\/v2\/pages\/358","targetHints":{"allow":["GET"]}}],"collection":[{"href":"http:\/\/www.art-beton.ro\/index.php\/wp-json\/wp\/v2\/pages"}],"about":[{"href":"http:\/\/www.art-beton.ro\/index.php\/wp-json\/wp\/v2\/types\/page"}],"author":[{"embeddable":true,"href":"http:\/\/www.art-beton.ro\/index.php\/wp-json\/wp\/v2\/users\/1"}],"replies":[{"embeddable":true,"href":"http:\/\/www.art-beton.ro\/index.php\/wp-json\/wp\/v2\/comments?post=358"}],"version-history":[{"count":7,"href":"http:\/\/www.art-beton.ro\/index.php\/wp-json\/wp\/v2\/pages\/358\/revisions"}],"predecessor-version":[{"id":678,"href":"http:\/\/www.art-beton.ro\/index.php\/wp-json\/wp\/v2\/pages\/358\/revisions\/678"}],"wp:attachment":[{"href":"http:\/\/www.art-beton.ro\/index.php\/wp-json\/wp\/v2\/media?parent=358"}],"curies":[{"name":"wp","href":"https:\/\/api.w.org\/{rel}","templated":true}]}}